{"id":92,"date":"2019-07-13T11:01:18","date_gmt":"2019-07-13T08:01:18","guid":{"rendered":"http:\/\/www.makyaj.me\/?page_id=92"},"modified":"2019-07-13T11:01:19","modified_gmt":"2019-07-13T08:01:19","slug":"mac-makyaj-malzemeleri","status":"publish","type":"page","link":"http:\/\/www.makyaj.me\/index.php\/mac-makyaj-malzemeleri\/","title":{"rendered":"Mac Makyaj Malzemeleri"},"content":{"rendered":"\n<h2 class=\"wp-block-heading\">M.A.C Makyaj Malzemeleri<\/h2>\n\n\n\n<p>Profesyonel makyaj uzman\u0131 olarak makyaj malzemeleri ve markalarla \nilgili s\u00fcrekli olarak sorular al\u0131yorum. Bu y\u00fczden marka marka \u00fcr\u00fcnleri \na\u00e7\u0131klaman\u0131n zaman\u0131 geldi de ge\u00e7iyor bile diye d\u00fc\u015f\u00fcnd\u00fcm ve yazmaya karar \nverdim. Ama bu yaz\u0131lar tek bu sayfa ile kalmayacak , a\u015fa\u011f\u0131daki \nba\u015fl\u0131klar\u0131n hepsini t\u0131klayarak a\u00e7\u0131klamalar\u0131n olduklar\u0131 sayfalara \nula\u015fabilirsiniz.<\/p>\n\n\n\n<p>Bu sayfan\u0131n ba\u015fl\u0131\u011f\u0131 alt\u0131nda Mac ile ilgili ;<\/p>\n\n\n\n<ul class=\"wp-block-list\"><li>Mac Y\u00fcz bazlar\u0131<\/li><li>Mac Fond\u00f6ten<\/li><li>Mac Pudralar<\/li><li>Mac Kapat\u0131c\u0131lar<\/li><li>Mac Ayd\u0131nlat\u0131c\u0131lar<\/li><li>Mac G\u00f6z bazlar\u0131<\/li><li>Mac G\u00f6z Farlar\u0131<\/li><li>Mac Rimeller<\/li><li>Mac Eyeliner<\/li><li>Mac Kirpik<\/li><li>Mac Ka\u015f<\/li><li>Mac All\u0131klar<\/li><li>Mac Rujlar<\/li><li>Mac G\u00f6z kalemleri<\/li><li>Mac Dudak kalemleri<\/li><li>Mac Parlat\u0131c\u0131lar<\/li><li>Mac Makyaj sabitleyiciler<\/li><li>Mac Makyaj F\u0131r\u00e7alar\u0131<\/li><\/ul>\n\n\n\n<p>Bu konular\u0131n hepsi ile ilgili tek tek a\u00e7\u0131klamalar\u0131, kullan\u0131m \nalanlar\u0131, kimler kullanmal\u0131 ya da kullanmamal\u0131 t\u00fcm detaylar\u0131 \nbulacaks\u0131n\u0131z.<\/p>\n\n\n\n<p>Profesyonel Makeup Artist &amp; E\u011fitmen Nurg\u00fcl Koluk\u0131r\u0131k<\/p>\n","protected":false},"excerpt":{"rendered":"<p>M.A.C Makyaj Malzemeleri Profesyonel makyaj uzman\u0131 olarak makyaj malzemeleri ve markalarla ilgili s\u00fcrekli olarak sorular al\u0131yorum. Bu y\u00fczden marka marka \u00fcr\u00fcnleri a\u00e7\u0131klaman\u0131n zaman\u0131 geldi de ge\u00e7iyor bile diye d\u00fc\u015f\u00fcnd\u00fcm ve yazmaya karar verdim. Ama bu yaz\u0131lar tek bu sayfa ile kalmayacak , a\u015fa\u011f\u0131daki ba\u015fl\u0131klar\u0131n hepsini t\u0131klayarak a\u00e7\u0131klamalar\u0131n olduklar\u0131 sayfalara ula\u015fabilirsiniz. Bu sayfan\u0131n ba\u015fl\u0131\u011f\u0131 alt\u0131nda Mac &hellip;<\/p>\n","protected":false},"author":1,"featured_media":0,"parent":0,"menu_order":0,"comment_status":"closed","ping_status":"closed","template":"","meta":{"footnotes":""},"tags":[],"class_list":["post-92","page","type-page","status-publish",""],"aioseo_notices":[],"_links":{"self":[{"href":"http:\/\/www.makyaj.me\/index.php\/wp-json\/wp\/v2\/pages\/92","targetHints":{"allow":["GET"]}}],"collection":[{"href":"http:\/\/www.makyaj.me\/index.php\/wp-json\/wp\/v2\/pages"}],"about":[{"href":"http:\/\/www.makyaj.me\/index.php\/wp-json\/wp\/v2\/types\/page"}],"author":[{"embeddable":true,"href":"http:\/\/www.makyaj.me\/index.php\/wp-json\/wp\/v2\/users\/1"}],"replies":[{"embeddable":true,"href":"http:\/\/www.makyaj.me\/index.php\/wp-json\/wp\/v2\/comments?post=92"}],"version-history":[{"count":1,"href":"http:\/\/www.makyaj.me\/index.php\/wp-json\/wp\/v2\/pages\/92\/revisions"}],"predecessor-version":[{"id":94,"href":"http:\/\/www.makyaj.me\/index.php\/wp-json\/wp\/v2\/pages\/92\/revisions\/94"}],"wp:attachment":[{"href":"http:\/\/www.makyaj.me\/index.php\/wp-json\/wp\/v2\/media?parent=92"}],"wp:term":[{"taxonomy":"post_tag","embeddable":true,"href":"http:\/\/www.makyaj.me\/index.php\/wp-json\/wp\/v2\/tags?post=92"}],"curies":[{"name":"wp","href":"https:\/\/api.w.org\/{rel}","templated":true}]}}