{"id":89,"date":"2019-07-13T11:00:07","date_gmt":"2019-07-13T08:00:07","guid":{"rendered":"http:\/\/www.makyaj.me\/?page_id=89"},"modified":"2019-07-13T11:00:07","modified_gmt":"2019-07-13T08:00:07","slug":"profesyonel-makyaj-markalari","status":"publish","type":"page","link":"http:\/\/www.makyaj.me\/index.php\/profesyonel-makyaj-markalari\/","title":{"rendered":"Profesyonel Makyaj Markalar\u0131"},"content":{"rendered":"\n<h4 class=\"wp-block-heading\">Profesyonel Makyaj Markalar\u0131<\/h4>\n\n\n\n<p>Bu b\u00f6l\u00fcm\u00fcm\u00fczde \u00f6zellikli olarak yeni \u00e7\u0131kan \u00fcr\u00fcnler , var olan \nkozmetik markalar\u0131 ve \u00fcr\u00fcnleri ile ilgili deneme ve yan\u0131lma y\u00f6ntemiyle \nse\u00e7ti\u011fimiz \u00fcr\u00fcnler yer alacak.<\/p>\n\n\n\n<ul class=\"wp-block-list\"><li>Kryolan Makyaj Malzemeleri<\/li><li>Mac Makyaj Malzemeleri<\/li><li>Benefit Makyaj Malzemeleri<\/li><li>Nars Makyaj Malzemeleri<\/li><li>Benefit Makyaj Malzemeleri<\/li><li>The balm Makyaj Malzemeleri<\/li><li>Too faced Makyaj Malzemeleri<\/li><li>Dior Makyaj Malzemeleri<\/li><li>Flormar Makyaj Malzemeler<\/li><\/ul>\n","protected":false},"excerpt":{"rendered":"<p>Profesyonel Makyaj Markalar\u0131 Bu b\u00f6l\u00fcm\u00fcm\u00fczde \u00f6zellikli olarak yeni \u00e7\u0131kan \u00fcr\u00fcnler , var olan kozmetik markalar\u0131 ve \u00fcr\u00fcnleri ile ilgili deneme ve yan\u0131lma y\u00f6ntemiyle se\u00e7ti\u011fimiz \u00fcr\u00fcnler yer alacak. Kryolan Makyaj MalzemeleriMac Makyaj MalzemeleriBenefit Makyaj MalzemeleriNars Makyaj MalzemeleriBenefit Makyaj MalzemeleriThe balm Makyaj MalzemeleriToo faced Makyaj MalzemeleriDior Makyaj MalzemeleriFlormar Makyaj Malzemeler<\/p>\n","protected":false},"author":1,"featured_media":0,"parent":0,"menu_order":0,"comment_status":"closed","ping_status":"closed","template":"","meta":{"footnotes":""},"tags":[],"class_list":["post-89","page","type-page","status-publish",""],"aioseo_notices":[],"_links":{"self":[{"href":"http:\/\/www.makyaj.me\/index.php\/wp-json\/wp\/v2\/pages\/89","targetHints":{"allow":["GET"]}}],"collection":[{"href":"http:\/\/www.makyaj.me\/index.php\/wp-json\/wp\/v2\/pages"}],"about":[{"href":"http:\/\/www.makyaj.me\/index.php\/wp-json\/wp\/v2\/types\/page"}],"author":[{"embeddable":true,"href":"http:\/\/www.makyaj.me\/index.php\/wp-json\/wp\/v2\/users\/1"}],"replies":[{"embeddable":true,"href":"http:\/\/www.makyaj.me\/index.php\/wp-json\/wp\/v2\/comments?post=89"}],"version-history":[{"count":1,"href":"http:\/\/www.makyaj.me\/index.php\/wp-json\/wp\/v2\/pages\/89\/revisions"}],"predecessor-version":[{"id":91,"href":"http:\/\/www.makyaj.me\/index.php\/wp-json\/wp\/v2\/pages\/89\/revisions\/91"}],"wp:attachment":[{"href":"http:\/\/www.makyaj.me\/index.php\/wp-json\/wp\/v2\/media?parent=89"}],"wp:term":[{"taxonomy":"post_tag","embeddable":true,"href":"http:\/\/www.makyaj.me\/index.php\/wp-json\/wp\/v2\/tags?post=89"}],"curies":[{"name":"wp","href":"https:\/\/api.w.org\/{rel}","templated":true}]}}