{"id":83,"date":"2019-07-13T10:53:20","date_gmt":"2019-07-13T07:53:20","guid":{"rendered":"http:\/\/www.makyaj.me\/?page_id=83"},"modified":"2019-07-13T10:53:21","modified_gmt":"2019-07-13T07:53:21","slug":"kirpik-uzatma","status":"publish","type":"page","link":"http:\/\/www.makyaj.me\/index.php\/kirpik-uzatma\/","title":{"rendered":"Kirpik Uzatma"},"content":{"rendered":"\n<h4 class=\"wp-block-heading\">Kirpik Uzatma \u0130pek Kirpik Uzatma Y\u00f6ntemleri Protez Kirpik<\/h4>\n\n\n\n<p>\u0130pek kirpik olarakta bilinin Kirpik Uzatma Y\u00f6ntemleri ile ilgili her t\u00fcrl\u00fc surnuzu bu sayfaya yorum yaparak sorabilirsiniz.<\/p>\n\n\n\n<p>Protez Kirpik ile Do\u011fal kirpik uzatma En ekonomik ve Ucuz&nbsp; ipek \nKirpik Fiyatlar\u0131 ile Kirpik Kaynak uygulamas\u0131n\u0131 ipek Kirpik Ekleme \nsanat\u0131n\u0131 profesyonel maky\u00f6z Nurg\u00fcl Koluk\u0131r\u0131k taraf\u0131ndan en do\u011fru \nuygulama y\u00f6ntemleri ile Ka\u015f \u015eekillendirme Kirpik Uzatma, ipek Kirpik \nUygulamas\u0131 ve \u0130pek Kirpik kursu verilmektedir.<\/p>\n\n\n\n<p>Do\u011fru protez kirpik uygulamas\u0131 g\u00f6z dibinden 1 mm ileriden itibaren \nyap\u0131larak uygulan\u0131r ve asla jopan yap\u0131\u015ft\u0131r\u0131c\u0131s\u0131 vb kimyasal \nyap\u0131\u015ft\u0131r\u0131c\u0131lar kullan\u0131lmaz.<\/p>\n\n\n\n<p>\u0130pek kirpik kursu ve ipek kirpik seti edinmek istiyorsan\u0131z ileti\u015fim \nb\u00f6l\u00fcm\u00fcnden Nurg\u00fcl Koluk\u0131r\u0131k \u0130le \u0130leti\u015fim kurarak Kuaf\u00f6r ve G\u00fczellik \nsalonunuza ek kazan\u00e7 olana\u011f\u0131 sa\u011flayarak g\u00fcn\u00fcm\u00fcz trendleri Protez Kirpik \n\u0130pek Kirpik uygulamalr\u0131n\u0131 salonunuzda m\u00fc\u015fterilerinize sunabilirsiniz.<\/p>\n\n\n\n<p style=\"text-align:right\">Maky\u00f6z Nurg\u00fcl Koluk\u0131r\u0131k 0532 3018690<\/p>\n","protected":false},"excerpt":{"rendered":"<p>Kirpik Uzatma \u0130pek Kirpik Uzatma Y\u00f6ntemleri Protez Kirpik \u0130pek kirpik olarakta bilinin Kirpik Uzatma Y\u00f6ntemleri ile ilgili her t\u00fcrl\u00fc surnuzu bu sayfaya yorum yaparak sorabilirsiniz. Protez Kirpik ile Do\u011fal kirpik uzatma En ekonomik ve Ucuz&nbsp; ipek Kirpik Fiyatlar\u0131 ile Kirpik Kaynak uygulamas\u0131n\u0131 ipek Kirpik Ekleme sanat\u0131n\u0131 profesyonel maky\u00f6z Nurg\u00fcl Koluk\u0131r\u0131k taraf\u0131ndan en do\u011fru uygulama y\u00f6ntemleri &hellip;<\/p>\n","protected":false},"author":1,"featured_media":0,"parent":0,"menu_order":0,"comment_status":"closed","ping_status":"closed","template":"","meta":{"footnotes":""},"tags":[],"class_list":["post-83","page","type-page","status-publish",""],"aioseo_notices":[],"_links":{"self":[{"href":"http:\/\/www.makyaj.me\/index.php\/wp-json\/wp\/v2\/pages\/83","targetHints":{"allow":["GET"]}}],"collection":[{"href":"http:\/\/www.makyaj.me\/index.php\/wp-json\/wp\/v2\/pages"}],"about":[{"href":"http:\/\/www.makyaj.me\/index.php\/wp-json\/wp\/v2\/types\/page"}],"author":[{"embeddable":true,"href":"http:\/\/www.makyaj.me\/index.php\/wp-json\/wp\/v2\/users\/1"}],"replies":[{"embeddable":true,"href":"http:\/\/www.makyaj.me\/index.php\/wp-json\/wp\/v2\/comments?post=83"}],"version-history":[{"count":1,"href":"http:\/\/www.makyaj.me\/index.php\/wp-json\/wp\/v2\/pages\/83\/revisions"}],"predecessor-version":[{"id":85,"href":"http:\/\/www.makyaj.me\/index.php\/wp-json\/wp\/v2\/pages\/83\/revisions\/85"}],"wp:attachment":[{"href":"http:\/\/www.makyaj.me\/index.php\/wp-json\/wp\/v2\/media?parent=83"}],"wp:term":[{"taxonomy":"post_tag","embeddable":true,"href":"http:\/\/www.makyaj.me\/index.php\/wp-json\/wp\/v2\/tags?post=83"}],"curies":[{"name":"wp","href":"https:\/\/api.w.org\/{rel}","templated":true}]}}