{"id":77,"date":"2019-07-13T10:44:15","date_gmt":"2019-07-13T07:44:15","guid":{"rendered":"http:\/\/www.makyaj.me\/?page_id=77"},"modified":"2019-07-13T10:44:16","modified_gmt":"2019-07-13T07:44:16","slug":"genel","status":"publish","type":"page","link":"http:\/\/www.makyaj.me\/index.php\/genel\/","title":{"rendered":"Genel"},"content":{"rendered":"\n<h3 class=\"wp-block-heading\">Nurg\u00fcl Koluk\u0131r\u0131k Kimdir?<\/h3>\n\n\n\n<div class=\"wp-block-image\"><figure class=\"aligncenter\"><img decoding=\"async\" src=\"https:\/\/web.archive.org\/web\/20160112200926im_\/http:\/\/www.makyaj.me\/wp-content\/uploads\/2011\/03\/293422_10150323056778404_591378403_8047084_763741376_n.jpg\" alt=\"Nurg\u00fcl Koluk\u0131r\u0131k\"\/><figcaption> Nurg\u00fcl Koluk\u0131r\u0131k <\/figcaption><\/figure><\/div>\n\n\n\n<p>Profesyonel Maky\u00f6z Nurg\u00fcl Koluk\u0131r\u0131k<\/p>\n\n\n\n<p>1988&nbsp; \u0130stanbul do\u011fumlu<\/p>\n\n\n\n<p>\u0130stanbul \u00dcni. Sosyal Bilimler mezunu<\/p>\n\n\n\n<p>Profesyonel Maky\u00f6z<\/p>\n\n\n\n<p>M\u00fc\u015fterilerim genelde merak ediyorlar diye bu sayfay\u0131 olu\u015fturdum. Ben  olsam ben de merak ederdim tabiki. En \u00f6zel g\u00fcn\u00fcm\u00fc teslim edece\u011fim bu  Maky\u00f6z kim, g\u00fcvenilir mi, makyaj\u0131 nas\u0131l vs vs daha bir \u00e7ok \u015fey. Bu  sitenin olu\u015fumunu ve y\u00f6neticili\u011fini yapan ben Nurg\u00fcl Koluk\u0131r\u0131k olarak  bir ka\u00e7 detay payla\u015fak istedim hem meslek hayat\u0131mla hem de biraz \u00f6zel  hayat\u0131mla ilgili.<\/p>\n\n\n\n<ul class=\"wp-block-list\"><li>Hayvanlar\u0131 ve Sokak K\u00f6peklerini\u00a0 \u00c7ok Seviyorum hayvanlar\u0131 sevmeyen insana sayg\u0131s\u0131 olmaz.<\/li><\/ul>\n\n\n\n<ul class=\"wp-block-list\"><li>Latin Danslar\u0131n\u0131 ve \u00f6zellikle Bachata  Dans etmeyi de \u00e7ok seviyorum e\u015fimle de \u00f6yle tan\u0131\u015ft\u0131m zaten\u2026 Dansa  Gitmenizi Tavsiye ederim.<\/li><\/ul>\n\n\n\n<p><\/p>\n","protected":false},"excerpt":{"rendered":"<p>Nurg\u00fcl Koluk\u0131r\u0131k Kimdir? Nurg\u00fcl Koluk\u0131r\u0131k Profesyonel Maky\u00f6z Nurg\u00fcl Koluk\u0131r\u0131k 1988&nbsp; \u0130stanbul do\u011fumlu \u0130stanbul \u00dcni. Sosyal Bilimler mezunu Profesyonel Maky\u00f6z M\u00fc\u015fterilerim genelde merak ediyorlar diye bu sayfay\u0131 olu\u015fturdum. Ben olsam ben de merak ederdim tabiki. En \u00f6zel g\u00fcn\u00fcm\u00fc teslim edece\u011fim bu Maky\u00f6z kim, g\u00fcvenilir mi, makyaj\u0131 nas\u0131l vs vs daha bir \u00e7ok \u015fey. Bu sitenin olu\u015fumunu &hellip;<\/p>\n","protected":false},"author":1,"featured_media":0,"parent":0,"menu_order":0,"comment_status":"closed","ping_status":"closed","template":"","meta":{"footnotes":""},"tags":[],"class_list":["post-77","page","type-page","status-publish",""],"aioseo_notices":[],"_links":{"self":[{"href":"http:\/\/www.makyaj.me\/index.php\/wp-json\/wp\/v2\/pages\/77","targetHints":{"allow":["GET"]}}],"collection":[{"href":"http:\/\/www.makyaj.me\/index.php\/wp-json\/wp\/v2\/pages"}],"about":[{"href":"http:\/\/www.makyaj.me\/index.php\/wp-json\/wp\/v2\/types\/page"}],"author":[{"embeddable":true,"href":"http:\/\/www.makyaj.me\/index.php\/wp-json\/wp\/v2\/users\/1"}],"replies":[{"embeddable":true,"href":"http:\/\/www.makyaj.me\/index.php\/wp-json\/wp\/v2\/comments?post=77"}],"version-history":[{"count":1,"href":"http:\/\/www.makyaj.me\/index.php\/wp-json\/wp\/v2\/pages\/77\/revisions"}],"predecessor-version":[{"id":79,"href":"http:\/\/www.makyaj.me\/index.php\/wp-json\/wp\/v2\/pages\/77\/revisions\/79"}],"wp:attachment":[{"href":"http:\/\/www.makyaj.me\/index.php\/wp-json\/wp\/v2\/media?parent=77"}],"wp:term":[{"taxonomy":"post_tag","embeddable":true,"href":"http:\/\/www.makyaj.me\/index.php\/wp-json\/wp\/v2\/tags?post=77"}],"curies":[{"name":"wp","href":"https:\/\/api.w.org\/{rel}","templated":true}]}}