{"id":64,"date":"2019-07-13T10:38:15","date_gmt":"2019-07-13T07:38:15","guid":{"rendered":"http:\/\/www.makyaj.me\/?page_id=64"},"modified":"2019-07-13T10:38:16","modified_gmt":"2019-07-13T07:38:16","slug":"gelin-makyaji-asli","status":"publish","type":"page","link":"http:\/\/www.makyaj.me\/index.php\/gelin-makyaji-asli\/","title":{"rendered":"Gelin Makyaj\u0131 Asl\u0131"},"content":{"rendered":"\n<p><strong>Asl\u0131n\u0131n D\u00fc\u011f\u00fcn Haz\u0131rl\u0131\u011f\u0131<\/strong><\/p>\n\n\n\n<p>Gelin maky\u00f6zl\u00fc\u011f\u00fc \u00e7ok farkl\u0131 bir i\u015ftir diyebilirim.<br>\nNormalde \u00e7ekimlerde veya sette daha mesafeli ve ciddi g\u00f6r\u00fcnmek gerekir. Yapman\u0131z gereken i\u015f ( makyaj ) ne ise onu yapars\u0131n\u0131z .<br>\nAma gelin makyajlar\u0131nda durum b\u00f6yle de\u011fildir.<br>\nYeri gelir hizmet verdi\u011finiz gelinin \u00f6ncesi ve sonras\u0131 t\u00fcm durumlar\u0131yla \nba\u015f ba\u015fa kararlar verirsiniz. Onu do\u011frular veya yanl\u0131\u015flar konusunda \nuyar\u0131rs\u0131n\u0131z ve her dakikas\u0131nda yan\u0131nda olursunuz . Yeri gelir \ngelinli\u011fini giydirmeye yard\u0131m edersiniz. Belki de d\u00fc\u011f\u00fcn\u00fcne bile \nkat\u0131l\u0131rs\u0131n\u0131z. Ailesi yle tan\u0131\u015f\u0131rs\u0131n\u0131z . E\u015fine ; Nas\u0131l olmu\u015fum ? diye \nsordu\u011funda damad\u0131m a\u011fz\u0131ndan \u00e7\u0131kacak cevaba kulak kesilirsiniz . Yani t\u00fcm\n heyecan\u0131na \u015fahit olursunuz ..<br>\n\u0130\u015fte b\u00f6yle anlardan birini \u015fimdi size anlataca\u011f\u0131m.<\/p>\n\n\n\n<p>Gelin Asl\u0131 \/ 02.08.2014<br>\nKendisi \u00f6ncelikle&nbsp; instagram daki \u00e7al\u0131\u015fmalar\u0131m\u0131 g\u00f6rm\u00fc\u015f ve \u00e7ok be\u011fenmi\u015f. \nD\u00fc\u011f\u00fcne 1 ay kala bana ula\u015ft\u0131 ve g\u00f6r\u00fc\u015fmek istedi\u011fini s\u00f6yledi. Yaln\u0131z \nbenim st\u00fcdyom Bak\u0131rk\u00f6y de&nbsp; iken kendisi Anadolu&nbsp; yakas\u0131nda . Ben de \nkendisine Gratis Ba\u011fdat caddesi etkinli\u011fi sebebiyle Anadolu yakas\u0131na \nge\u00e7ece\u011fimi ve g\u00fcn sonunda isterse kendisiyle g\u00f6r\u00fc\u015febilece\u011fimizi \nbelirttim ve \u015fans eseri ger\u00e7ekten biz o g\u00fcn g\u00f6r\u00fc\u015ft\u00fck.<br>\nTatl\u0131 annesi ve g\u00fczel mi g\u00fczel bir k\u0131z beni bekliyordu ve g\u00f6r\u00fcr g\u00f6rmez \ng\u00fczel enerjilerini alarak \u00e7al\u0131\u015faca\u011f\u0131m\u0131z\u0131 hissetim ve biz anla\u015ft\u0131k.<br>\nD\u00fc\u011f\u00fcn g\u00fcn\u00fc geldi \u00e7att\u0131&nbsp; Daha \u00f6ncesinde kendilerine \u00f6zel mac den takma \nkirpik al\u0131\u015fveri\u015fi yapt\u0131m&nbsp; , mac 36 nolu kirpi\u011fi ald\u0131m. Resimlerde de \nfark edebilirsiniz gayet yo\u011fun ama ayn\u0131 zamanda da do\u011fal bir takma \nkirpik .<\/p>\n\n\n\n<div class=\"wp-block-image\"><figure class=\"alignleft\"><a href=\"https:\/\/web.archive.org\/web\/20160812224516\/http:\/\/www.makyaj.me\/wp-content\/uploads\/2014\/08\/takma-kirpik-e1408647170349.jpg\"><img decoding=\"async\" src=\"https:\/\/web.archive.org\/web\/20160812224516im_\/http:\/\/www.makyaj.me\/wp-content\/uploads\/2014\/08\/takma-kirpik-e1408647170349-225x300.jpg\" alt=\"takma kirpik\" class=\"wp-image-4272\"\/><\/a><\/figure><\/div>\n\n\n\n<p>Kullan\u0131lan makyaj malzemeleri ;<br>\nY\u00fcz baz\u0131 : Benefit<br>\nFond\u00f6ten : Mac Full coverage foundation<br>\nPudra : Mac Transparan pudra<br>\nG\u00f6z baz\u0131 : painterly<br>\nG\u00f6z makyaj\u0131nda Mac toprak tonlar\u0131 kar\u0131\u015f\u0131 ve son g\u00f6lgelendirme Mac black<br>\nG\u00f6z alt\u0131 : Mac Nw15<br>\nAll\u0131k : Mac Springsheen blush<br>\nRuj : Mac Kinda<br>\nSabitle\u015ftirici : Kryolan<br>\n\u0130\u015fte \u015fimdi d\u00fc\u011f\u00fcn g\u00fcn\u00fcnden kareler ..<br>\nAsl\u0131nda daha \u00f6zel ve g\u00fczel pozlar da var ama gelinin \u00f6zeli oldu\u011fu i\u00e7in payla\u015famam.<br>\nBunlarla idare edin ?<\/p>\n\n\n\n<p>Sevgilerimle<\/p>\n\n\n\n<p>Ayr\u0131ca Gelin makyajlar\u0131nda Kulland\u0131\u011f\u0131m Makyaj Malzemeleri :<\/p>\n\n\n\n<ul class=\"wp-block-list\"><li>Kryolan<\/li><li>Mac<\/li><li>Nars<\/li><li>Benefit<\/li><\/ul>\n\n\n\n<p>Beni daha yak\u0131ndan takip etmek i\u00e7in ;<\/p>\n\n\n\n<ul class=\"wp-block-list\"><li>web site : http:\/\/nurgulkolukirik.com\/<\/li><li>my blog : http:\/\/profesyonelmakyaj.blogspot.com\/<\/li><li>facebook: https:\/\/www.facebook.com\/NURGULKOLUKIRIKMAKYOZ<\/li><li>instagram : http:\/\/instagram.com\/makyajmakeuppro<\/li><\/ul>\n\n\n\n<p><br>\nProfesyonel Maky\u00f6z ve Makyaj E\u011fitmeni<br>\nNurg\u00fcl Koluk\u0131r\u0131k<\/p>\n","protected":false},"excerpt":{"rendered":"<p>Asl\u0131n\u0131n D\u00fc\u011f\u00fcn Haz\u0131rl\u0131\u011f\u0131 Gelin maky\u00f6zl\u00fc\u011f\u00fc \u00e7ok farkl\u0131 bir i\u015ftir diyebilirim. Normalde \u00e7ekimlerde veya sette daha mesafeli ve ciddi g\u00f6r\u00fcnmek gerekir. Yapman\u0131z gereken i\u015f ( makyaj ) ne ise onu yapars\u0131n\u0131z . Ama gelin makyajlar\u0131nda durum b\u00f6yle de\u011fildir. Yeri gelir hizmet verdi\u011finiz gelinin \u00f6ncesi ve sonras\u0131 t\u00fcm durumlar\u0131yla ba\u015f ba\u015fa kararlar verirsiniz. Onu do\u011frular veya yanl\u0131\u015flar &hellip;<\/p>\n","protected":false},"author":1,"featured_media":0,"parent":0,"menu_order":0,"comment_status":"closed","ping_status":"closed","template":"","meta":{"footnotes":""},"tags":[],"class_list":["post-64","page","type-page","status-publish",""],"aioseo_notices":[],"_links":{"self":[{"href":"http:\/\/www.makyaj.me\/index.php\/wp-json\/wp\/v2\/pages\/64","targetHints":{"allow":["GET"]}}],"collection":[{"href":"http:\/\/www.makyaj.me\/index.php\/wp-json\/wp\/v2\/pages"}],"about":[{"href":"http:\/\/www.makyaj.me\/index.php\/wp-json\/wp\/v2\/types\/page"}],"author":[{"embeddable":true,"href":"http:\/\/www.makyaj.me\/index.php\/wp-json\/wp\/v2\/users\/1"}],"replies":[{"embeddable":true,"href":"http:\/\/www.makyaj.me\/index.php\/wp-json\/wp\/v2\/comments?post=64"}],"version-history":[{"count":1,"href":"http:\/\/www.makyaj.me\/index.php\/wp-json\/wp\/v2\/pages\/64\/revisions"}],"predecessor-version":[{"id":66,"href":"http:\/\/www.makyaj.me\/index.php\/wp-json\/wp\/v2\/pages\/64\/revisions\/66"}],"wp:attachment":[{"href":"http:\/\/www.makyaj.me\/index.php\/wp-json\/wp\/v2\/media?parent=64"}],"wp:term":[{"taxonomy":"post_tag","embeddable":true,"href":"http:\/\/www.makyaj.me\/index.php\/wp-json\/wp\/v2\/tags?post=64"}],"curies":[{"name":"wp","href":"https:\/\/api.w.org\/{rel}","templated":true}]}}