{"id":46,"date":"2019-07-13T10:24:07","date_gmt":"2019-07-13T07:24:07","guid":{"rendered":"http:\/\/www.makyaj.me\/?page_id=46"},"modified":"2019-07-13T10:24:08","modified_gmt":"2019-07-13T07:24:08","slug":"makyaj-kursu-firsatlari","status":"publish","type":"page","link":"http:\/\/www.makyaj.me\/index.php\/makyaj-kursu-firsatlari\/","title":{"rendered":"Makyaj Kursu F\u0131rsatlar\u0131"},"content":{"rendered":"\n<h4 class=\"wp-block-heading\">Makyaj Kursu F\u0131rsatlar\u0131 by Make-Up PRO Academy<\/h4>\n\n\n\n<p>Makyaj kursu f\u0131rsatlar\u0131 ile makyaj\u0131n d\u00fcnyas\u0131na renkli g\u00fczelli\u011fine davetlisiniz.<br>\nMakyaj kursu f\u0131rsatlar\u0131 ile \u00f6zel g\u00fcn ve gecelerinizde kendi makyaj\u0131n\u0131z\u0131 \nkendi y\u00fcz\u00fcn\u00fcze Make-Up PRO Academy ile renklerin teninizdeki muhte\u015fem \nuyumunu sadece 1 g\u00fcn\u00fcn\u00fcz\u00fc ay\u0131rarak 5 saatlik makyaj e\u011fitimi sonunda \nevinize makyaj sertifikan\u0131z ile birlikte d\u00f6nmeye ne dersiniz? San\u0131r\u0131m \nEvet .<\/p>\n\n\n\n<p>Size profesyonel maky\u00f6z e\u011fitmenleri ve kurumlar taraf\u0131ndan diplomal\u0131  makyaj e\u011fitmenleri e\u015fli\u011finde profesyonelli\u011fe ilk ad\u0131m\u0131 atmaya davet  ediyoruz.\u00a0\u00a0 Make-Up PRO Academy size do\u011fru makyaj\u0131n inceliklerini Makyaj  kursu f\u0131rsatlar\u0131 ile \u00f6\u011frenme imk\u00e2n\u0131 sunuyor. Dilerseniz siz de kendi  makyaj uzman\u0131n\u0131z olun veya kendi makyaj becerinizi geli\u015ftirip sizin  y\u00fcz\u00fcn\u00fcze ve morfolojik kemik yap\u0131n\u0131za uygun makyaj yapmay\u0131 \u00f6\u011frenin!\u00a0  Make-Up PRO Academy <a href=\"http:\/\/makyajkursupro.com\/makyaj-kursu-firsatlari\" target=\"_blank\" rel=\"noreferrer noopener\" aria-label=\" (yeni sekmede a\u00e7\u0131l\u0131r)\">makyaj kursu f\u0131rsatlar\u0131 <\/a>ile size makyaj<\/p>\n\n\n\n<ul class=\"wp-block-list\"><li>\u00dcr\u00fcnlerinin tan\u0131m\u0131, kullan\u0131m ve makyaj temizleme teknikleri<\/li><li>Farkl\u0131 y\u00fcz \u015fekillerine, farkl\u0131 y\u00fcz anatomisi ve morfolojik \n\u00f6zelliklerinize g\u00f6re uygun makyaj malzemesi ve do\u011fru \u00fcr\u00fcn se\u00e7imi, makyaj\n yapma sanat\u0131n\u0131n inceliklerini.<\/li><li>I\u015f\u0131k ve Renk bilgisi , Modlaj<\/li><li>Y\u00fcz\u00fcn\u00fczdeki kusurlar i\u00e7in kamuflaj teknikleri<\/li><li>Model \u00fczerinde makyaj uygulama<\/li><li>Porselen makyaj<\/li><li>Do\u011fru eyeliner se\u00e7imi ve eyeliner uygulamas\u0131<\/li><li>G\u00fcnd\u00fcz makyaj\u0131 ve gece makyaj\u0131 teknikleri aras\u0131ndaki farklar<\/li><li>Y\u00fcz \u015fekline g\u00f6re do\u011fru all\u0131k se\u00e7imi ve uygulamas\u0131<\/li><li>Ten renginize g\u00f6re ruj se\u00e7imi ve do\u011fru ruj uygulamalar\u0131<\/li><\/ul>\n\n\n\n<p>\u0130\u015fte size Profesyonel Maky\u00f6z ve Makyaj E\u011fitmeni Nurg\u00fcl Koluk\u0131r\u0131k taraf\u0131ndan<\/p>\n\n\n\n<h3 class=\"wp-block-heading\"><a href=\"http:\/\/makyajkursupro.com\/makyaj-kursu-firsatlari\" target=\"_blank\" rel=\"noreferrer noopener\" aria-label=\" (yeni sekmede a\u00e7\u0131l\u0131r)\">Makyaj Kursu<\/a> &amp; Makyaj E\u011fitimi F\u0131rsat\u0131 Fiyat\u0131n\u0131 g\u00f6rmek i\u00e7in t\u0131klay\u0131n\u0131z.<\/h3>\n\n\n\n<p>Detay i\u00e7in : 444 3 671\u00a0 \u2013 0532 301 8690<\/p>\n","protected":false},"excerpt":{"rendered":"<p>Makyaj Kursu F\u0131rsatlar\u0131 by Make-Up PRO Academy Makyaj kursu f\u0131rsatlar\u0131 ile makyaj\u0131n d\u00fcnyas\u0131na renkli g\u00fczelli\u011fine davetlisiniz. Makyaj kursu f\u0131rsatlar\u0131 ile \u00f6zel g\u00fcn ve gecelerinizde kendi makyaj\u0131n\u0131z\u0131 kendi y\u00fcz\u00fcn\u00fcze Make-Up PRO Academy ile renklerin teninizdeki muhte\u015fem uyumunu sadece 1 g\u00fcn\u00fcn\u00fcz\u00fc ay\u0131rarak 5 saatlik makyaj e\u011fitimi sonunda evinize makyaj sertifikan\u0131z ile birlikte d\u00f6nmeye ne dersiniz? San\u0131r\u0131m Evet &hellip;<\/p>\n","protected":false},"author":1,"featured_media":0,"parent":0,"menu_order":0,"comment_status":"closed","ping_status":"closed","template":"","meta":{"footnotes":""},"tags":[],"class_list":["post-46","page","type-page","status-publish",""],"aioseo_notices":[],"_links":{"self":[{"href":"http:\/\/www.makyaj.me\/index.php\/wp-json\/wp\/v2\/pages\/46","targetHints":{"allow":["GET"]}}],"collection":[{"href":"http:\/\/www.makyaj.me\/index.php\/wp-json\/wp\/v2\/pages"}],"about":[{"href":"http:\/\/www.makyaj.me\/index.php\/wp-json\/wp\/v2\/types\/page"}],"author":[{"embeddable":true,"href":"http:\/\/www.makyaj.me\/index.php\/wp-json\/wp\/v2\/users\/1"}],"replies":[{"embeddable":true,"href":"http:\/\/www.makyaj.me\/index.php\/wp-json\/wp\/v2\/comments?post=46"}],"version-history":[{"count":1,"href":"http:\/\/www.makyaj.me\/index.php\/wp-json\/wp\/v2\/pages\/46\/revisions"}],"predecessor-version":[{"id":48,"href":"http:\/\/www.makyaj.me\/index.php\/wp-json\/wp\/v2\/pages\/46\/revisions\/48"}],"wp:attachment":[{"href":"http:\/\/www.makyaj.me\/index.php\/wp-json\/wp\/v2\/media?parent=46"}],"wp:term":[{"taxonomy":"post_tag","embeddable":true,"href":"http:\/\/www.makyaj.me\/index.php\/wp-json\/wp\/v2\/tags?post=46"}],"curies":[{"name":"wp","href":"https:\/\/api.w.org\/{rel}","templated":true}]}}