{"id":30,"date":"2019-07-13T10:05:22","date_gmt":"2019-07-13T07:05:22","guid":{"rendered":"http:\/\/www.makyaj.me\/?page_id=30"},"modified":"2019-07-13T10:05:23","modified_gmt":"2019-07-13T07:05:23","slug":"makyaj-sirlari","status":"publish","type":"page","link":"http:\/\/www.makyaj.me\/index.php\/makyaj-sirlari\/","title":{"rendered":"Makyaj S\u0131rlar\u0131"},"content":{"rendered":"\n<h4 class=\"wp-block-heading\">Sevgililer G\u00fcn\u00fc Makyaj S\u0131rlar\u0131<\/h4>\n\n\n\n<h2 class=\"wp-block-heading\">Sevgililer G\u00fcn\u00fcne \u00d6zel <strong><em>Makyaj T\u00fcyolar\u0131<\/em><\/strong><\/h2>\n\n\n\n<p>Evet, Sevgililer g\u00fcn\u00fcnde nas\u0131l <strong><em>makyaj<\/em><\/strong> yapsam diye d\u00fc\u015f\u00fcnenler i\u00e7in bu yaz\u0131. \u00d6ncelikler dikkat etmeniz gereken belli noktalar var.<\/p>\n\n\n\n<p>1-&nbsp;&nbsp;&nbsp;&nbsp; Giyece\u011fini k\u0131yafet<\/p>\n\n\n\n<p>2-&nbsp;&nbsp;&nbsp;&nbsp; Sa\u00e7\u0131n\u0131za nas\u0131l \u015fekil vereceksiniz<\/p>\n\n\n\n<p>3-&nbsp;&nbsp;&nbsp;&nbsp; Kutlayaca\u011f\u0131n\u0131z mek\u00e2n ( evde \u00f6zel yemekli mi d\u0131\u015far\u0131da e\u011flencede mi )?<\/p>\n\n\n\n<p>Bunlar\u0131 kararla\u015ft\u0131rd\u0131ktan sonra <strong><em>Makyaj<\/em><\/strong> se\u00e7iminizi yapabilirsiniz.<\/p>\n\n\n\n<ol class=\"wp-block-list\"><li>\u015e\u0131kka G\u00f6re; \u00f6zellikle makyaj\u0131n\u0131z\u0131 giyece\u011finiz k\u0131yafetin rengine g\u00f6re\n karar verin. \u00d6rne\u011fin siyah bir elbise tercih ediyorsan\u0131z yine koyu bir <strong><em>g\u00f6z makyaj\u0131<\/em><\/strong> hafif bir <strong><em>dudak makyaj\u0131<\/em><\/strong>\n olmas\u0131 gerekir. Ya da k\u0131rm\u0131z\u0131 bir elbise giyecekseniz \u00e7ok hafif bir g\u00f6z\n makyaj\u0131 hatta sadece bir eyeliner ve k\u0131rm\u0131z\u0131 ruj ho\u015f durur.<\/li><li>\u015e\u0131kka G\u00f6re; Topuz bir sa\u00e7 modeli uygulatacaksan\u0131z <strong><em>makyaj<\/em><\/strong>\u2019\u0131n\u0131zda buna g\u00f6re daha a\u011f\u0131r olmal\u0131 ama hafif bir toplama ya da sal\u0131k bir sa\u00e7 modeli se\u00e7iyorsan\u0131z <strong><em>makyaj<\/em><\/strong>\u2019\u0131n\u0131zda buna g\u00f6re do\u011fal ve daha \u00e7ocuksu olabilir.<\/li><li>\u015e\u0131kka g\u00f6re yine ev i\u00e7erisindeyseniz do\u011fall\u0131k daha \u015f\u0131k olur ama \nd\u0131\u015far\u0131da bir mek\u00e2nda kutlayacaksan\u0131z hem k\u0131yafetiniz hem de sa\u00e7\u0131n\u0131z hem \nde <strong><em>Gece<\/em><\/strong> <strong><em>Makyaj<\/em><\/strong>\u2019\u0131n\u0131z buna g\u00f6re daha haval\u0131 olmal\u0131.<\/li><\/ol>\n\n\n\n<p><strong><em>Profesyonel Maky\u00f6z <\/em><\/strong><\/p>\n\n\n\n<p><strong><em>Nurg\u00fcl Koluk\u0131r\u0131k<\/em><\/strong><\/p>\n\n\n\n<figure class=\"wp-block-image\"><a href=\"https:\/\/web.archive.org\/web\/20130604031443\/http:\/\/www.makyaj.me\/wp-content\/uploads\/2011\/02\/makyaj-sirlari.jpg\"><img decoding=\"async\" src=\"https:\/\/web.archive.org\/web\/20130604031443im_\/http:\/\/www.makyaj.me\/wp-content\/uploads\/2011\/02\/makyaj-sirlari-239x300.jpg\" alt=\"makyaj sirlari 239x300 Sevgililer G\u00fcn\u00fc Makyaj S\u0131rlar\u0131\" class=\"wp-image-654\"\/><\/a><\/figure>\n\n\n\n<div class=\"wp-block-image\"><figure class=\"aligncenter\"><a href=\"https:\/\/web.archive.org\/web\/20130604031443\/http:\/\/www.makyaj.me\/wp-content\/uploads\/2011\/02\/sac-makyaj-ve-k\u0131yafet.jpg\"><img decoding=\"async\" src=\"https:\/\/web.archive.org\/web\/20130604031443im_\/http:\/\/www.makyaj.me\/wp-content\/uploads\/2011\/02\/sac-makyaj-ve-k\u0131yafet-239x300.jpg\" alt=\"sac makyaj ve k\u0131yafet 239x300 Sevgililer G\u00fcn\u00fc Makyaj S\u0131rlar\u0131\" class=\"wp-image-318\"\/><\/a><\/figure><\/div>\n\n\n\n<div class=\"wp-block-image\"><figure class=\"aligncenter\"><a href=\"https:\/\/web.archive.org\/web\/20130604031443\/http:\/\/www.makyaj.me\/wp-content\/uploads\/2011\/02\/dogal-sac-ve-makyaj.jpg\"><img decoding=\"async\" src=\"https:\/\/web.archive.org\/web\/20130604031443im_\/http:\/\/www.makyaj.me\/wp-content\/uploads\/2011\/02\/dogal-sac-ve-makyaj-199x300.jpg\" alt=\"dogal sac ve makyaj 199x300 Sevgililer G\u00fcn\u00fc Makyaj S\u0131rlar\u0131\" class=\"wp-image-319\"\/><\/a><\/figure><\/div>\n","protected":false},"excerpt":{"rendered":"<p>Sevgililer G\u00fcn\u00fc Makyaj S\u0131rlar\u0131 Sevgililer G\u00fcn\u00fcne \u00d6zel Makyaj T\u00fcyolar\u0131 Evet, Sevgililer g\u00fcn\u00fcnde nas\u0131l makyaj yapsam diye d\u00fc\u015f\u00fcnenler i\u00e7in bu yaz\u0131. \u00d6ncelikler dikkat etmeniz gereken belli noktalar var. 1-&nbsp;&nbsp;&nbsp;&nbsp; Giyece\u011fini k\u0131yafet 2-&nbsp;&nbsp;&nbsp;&nbsp; Sa\u00e7\u0131n\u0131za nas\u0131l \u015fekil vereceksiniz 3-&nbsp;&nbsp;&nbsp;&nbsp; Kutlayaca\u011f\u0131n\u0131z mek\u00e2n ( evde \u00f6zel yemekli mi d\u0131\u015far\u0131da e\u011flencede mi )? Bunlar\u0131 kararla\u015ft\u0131rd\u0131ktan sonra Makyaj se\u00e7iminizi yapabilirsiniz. \u015e\u0131kka G\u00f6re; &hellip;<\/p>\n","protected":false},"author":1,"featured_media":0,"parent":0,"menu_order":0,"comment_status":"closed","ping_status":"closed","template":"","meta":{"footnotes":""},"tags":[],"class_list":["post-30","page","type-page","status-publish",""],"aioseo_notices":[],"_links":{"self":[{"href":"http:\/\/www.makyaj.me\/index.php\/wp-json\/wp\/v2\/pages\/30","targetHints":{"allow":["GET"]}}],"collection":[{"href":"http:\/\/www.makyaj.me\/index.php\/wp-json\/wp\/v2\/pages"}],"about":[{"href":"http:\/\/www.makyaj.me\/index.php\/wp-json\/wp\/v2\/types\/page"}],"author":[{"embeddable":true,"href":"http:\/\/www.makyaj.me\/index.php\/wp-json\/wp\/v2\/users\/1"}],"replies":[{"embeddable":true,"href":"http:\/\/www.makyaj.me\/index.php\/wp-json\/wp\/v2\/comments?post=30"}],"version-history":[{"count":1,"href":"http:\/\/www.makyaj.me\/index.php\/wp-json\/wp\/v2\/pages\/30\/revisions"}],"predecessor-version":[{"id":32,"href":"http:\/\/www.makyaj.me\/index.php\/wp-json\/wp\/v2\/pages\/30\/revisions\/32"}],"wp:attachment":[{"href":"http:\/\/www.makyaj.me\/index.php\/wp-json\/wp\/v2\/media?parent=30"}],"wp:term":[{"taxonomy":"post_tag","embeddable":true,"href":"http:\/\/www.makyaj.me\/index.php\/wp-json\/wp\/v2\/tags?post=30"}],"curies":[{"name":"wp","href":"https:\/\/api.w.org\/{rel}","templated":true}]}}