{"id":24,"date":"2019-07-13T10:01:16","date_gmt":"2019-07-13T07:01:16","guid":{"rendered":"http:\/\/www.makyaj.me\/?page_id=24"},"modified":"2019-07-13T10:01:17","modified_gmt":"2019-07-13T07:01:17","slug":"profesyonel-makyoz","status":"publish","type":"page","link":"http:\/\/www.makyaj.me\/index.php\/profesyonel-makyoz\/","title":{"rendered":"Profesyonel Maky\u00f6z"},"content":{"rendered":"\n<h4 class=\"wp-block-heading\">Profesyonel Maky\u00f6z \u0130stanbul<\/h4>\n\n\n\n<div class=\"wp-block-image\"><figure class=\"aligncenter\"><a href=\"https:\/\/web.archive.org\/web\/20150427034751\/http:\/\/www.makyaj.me\/wp-content\/uploads\/2012\/11\/Profesyonel-Maky\u00f6z-5.jpg\"><img decoding=\"async\" src=\"https:\/\/web.archive.org\/web\/20150427034751im_\/http:\/\/www.makyaj.me\/wp-content\/uploads\/2012\/11\/Profesyonel-Maky\u00f6z-5-300x225.jpg\" alt=\"Profesyonel Maky\u00f6z \" class=\"wp-image-2930\"\/><\/a><figcaption>Profesyonel Maky\u00f6z<\/figcaption><\/figure><\/div>\n\n\n\n<p>Profesyonel Maky\u00f6z Profesyonel makyaj konusunda uzman ki\u015fi demektir.<\/p>\n\n\n\n<div class=\"wp-block-image\"><figure class=\"alignleft\"><a href=\"https:\/\/web.archive.org\/web\/20150427034751\/http:\/\/www.makyaj.me\/wp-content\/uploads\/2012\/11\/Profesyonel-Maky\u00f6z.jpeg\"><img decoding=\"async\" src=\"https:\/\/web.archive.org\/web\/20150427034751im_\/http:\/\/www.makyaj.me\/wp-content\/uploads\/2012\/11\/Profesyonel-Maky\u00f6z-199x300.jpeg\" alt=\"Profesyonel Maky\u00f6z\" class=\"wp-image-2932\"\/><\/a><figcaption>Profesyonel Maky\u00f6z<\/figcaption><\/figure><\/div>\n\n\n\n<p>Gece Makyaj\u0131<br>\nPorselen Makyaj<br>\nGelin Makyaj\u0131<br>\nSahne \/ Show Makyaj\u0131<br>\nTv \/ Sinema Makyaj\u0131<br>\nEfekt Makyaj<br>\nPlastik Makyaj<br>\nKonular\u0131nda uzman ve makyaj \u00fczerine profesyonel \u015fekilde e\u011fitim ald\u0131m ve e\u011fitimlerini s\u00fcrekli prati\u011fi d\u00f6ken ki\u015filer olmal\u0131d\u0131r.<br>\nK\u0131sa d\u00f6nem kurslar\u0131ndan sonra birka\u00e7 makyaj malzemesiyle hareket eden \nki\u015filer tam anlam\u0131yla profesyonel Maky\u00f6z de\u011fildir. Makyaj yapmak demek \nsadece insanlar\u0131n y\u00fcz\u00fcne boyamak de\u011fildir. \u0130nsan y\u00fcz\u00fcn\u00fc bir tuval misali\n renklendiren, \u015fekillendiren ,&nbsp; g\u00f6lgelendiren ve g\u00fczel olan\u0131 ortaya \n\u00e7\u0131karan bir sanat dal\u0131d\u0131r.<br>\nAyr\u0131ca profesyonel bir Maky\u00f6z \u00fcn Profesyonel Makyaj Malzemeleri \nkullanmas\u0131 gerekir. Kryolan , Mac, Nars vb kozmetik markalar\u0131 \nprofesyonel \u00fcr\u00fcnlerdir. Ve Profesyonel bir Maky\u00f6z \u00fcn&nbsp; makyaj \u00e7antas\u0131ndan\n minimum bulundurmas\u0131 gerekenler&nbsp; :<br>\n\u2022&nbsp;&nbsp; &nbsp;4 ayr\u0131 \u00e7e\u015fit y\u00fcz baz\u0131 ( Mor, Pembe, Bronz, Beyaz )<br>\n\u2022&nbsp;&nbsp; &nbsp;3 ayr\u0131 \u00e7e\u015fit y\u00fcz Nemlendiricisi ( Kuru, Ya\u011fl\u0131 , Normal ciltler i\u00e7in )<br>\n\u2022&nbsp;&nbsp; &nbsp;6 ayr\u0131 s\u0131v\u0131 , 6 ayr\u0131 stick , 6 ayr\u0131 krem ( supracolor ) Fond\u00f6tenler<br>\n\u2022&nbsp;&nbsp; &nbsp;Pudralar ( Transparan, pudra rengi<br>\n\u2022&nbsp;&nbsp; &nbsp;G\u00f6z Bazlar\u0131<br>\n\u2022&nbsp;&nbsp; &nbsp;G\u00f6z Alt\u0131 i\u00e7in kapat\u0131c\u0131lar<br>\n\u2022&nbsp;&nbsp; &nbsp;G\u00f6z Far\u0131 ( Pastel, I\u015f\u0131lt\u0131l\u0131 )<br>\n\u2022&nbsp;&nbsp; &nbsp;Eyeliner ( likit , kalem )<br>\n\u2022&nbsp;&nbsp; &nbsp;Rimeller<br>\n\u2022&nbsp;&nbsp; &nbsp;Takma Kirpikler<br>\n\u2022&nbsp;&nbsp; &nbsp;All\u0131k \u00e7e\u015fitleri ( En az 6 \u00e7e\u015fit )<br>\n\u2022&nbsp;&nbsp; &nbsp;Dudak \/ G\u00f6z Kalemleri<br>\n\u2022&nbsp;&nbsp; &nbsp;Ruj \u00c7e\u015fitleri<br>\n\u2022&nbsp;&nbsp; &nbsp;Lipgloss \u00e7e\u015fitleri<\/p>\n\n\n\n<div class=\"wp-block-image\"><figure class=\"alignleft\"><a href=\"https:\/\/web.archive.org\/web\/20150427034751\/http:\/\/www.makyaj.me\/wp-content\/uploads\/2012\/11\/Makyaj-F\u0131r\u00e7alar\u0131-Seti.jpg\"><img decoding=\"async\" src=\"https:\/\/web.archive.org\/web\/20150427034751im_\/http:\/\/www.makyaj.me\/wp-content\/uploads\/2012\/11\/Makyaj-F\u0131r\u00e7alar\u0131-Seti-225x300.jpg\" alt=\"Makyaj F\u0131r\u00e7alar\u0131 Seti\" class=\"wp-image-2933\"\/><\/a><\/figure><\/div>\n\n\n\n<p><em><strong>Makyaj F\u0131r\u00e7a Seti<\/strong><\/em> i\u00e7erinde;<br>\n\u2022&nbsp;&nbsp; &nbsp;Fond\u00f6ten F\u0131r\u00e7as\u0131<br>\n\u2022&nbsp;&nbsp; &nbsp;Pudra F\u0131r\u00e7as\u0131<br>\n\u2022&nbsp;&nbsp; &nbsp;Y\u00fcz G\u00f6lgelendirme F\u0131r\u00e7as\u0131<br>\n\u2022&nbsp;&nbsp; &nbsp;G\u00f6z G\u00f6lgelendirme F\u0131r\u00e7as\u0131<br>\n\u2022&nbsp;&nbsp; &nbsp;G\u00f6z far\u0131 f\u0131r\u00e7as\u0131 ( En az 3 ayr\u0131 boyutta )<br>\n\u2022&nbsp;&nbsp; &nbsp;Eyeliner F\u0131r\u00e7as\u0131<br>\n\u2022&nbsp;&nbsp; &nbsp;Ka\u015f F\u0131r\u00e7as\u0131<br>\n\u2022&nbsp;&nbsp; &nbsp;All\u0131k F\u0131r\u00e7as\u0131<br>\n\u2022&nbsp;&nbsp; &nbsp;Ruj F\u0131r\u00e7as\u0131<\/p>\n\n\n\n<p>Tv Makyaj \u00c7antas\u0131 i\u00e7erisinde bulunmas\u0131 gerekenler<br>\n\u2013 Efekt Makyaj Malzemeleriniz ( Lateksler, Suni Kan vb )<br>\n\u2013&nbsp;&nbsp;&nbsp; Takma Kirpikleriniz<br>\n\u2013&nbsp;&nbsp;&nbsp; Show Takma Kirpikleri<br>\n\u2013&nbsp;&nbsp;&nbsp; Makyaj \u00f6nl\u00fc\u011f\u00fcn\u00fcz ( Makyaj malzemelerinizin oyuncunun \u00fczerine d\u00f6k\u00fclmemesi ve kost\u00fcmlerin kirlenmemesi i\u00e7in )<br>\n\u2013&nbsp;&nbsp;&nbsp; Takma ka\u015f , Takma B\u0131y\u0131k , Takma Sakal , Peruklar, Posti\u015fler<br>\n\u2013&nbsp;&nbsp;&nbsp; Kozmetik Makyaj Malzemeleriniz ( En az 6 ayr\u0131 \u00e7e\u015fit fond\u00f6ten, pudra )<br>\n\u2013&nbsp;&nbsp;&nbsp; Ekstra Sar\u0131 I\u015f\u0131klar\u0131n\u0131z<br>\n\u2013&nbsp;&nbsp;&nbsp; Makyaj aynas\u0131 K\u00fc\u00e7\u00fck &amp; B\u00fcy\u00fck<br>\n\u2013&nbsp;&nbsp;&nbsp; Foto\u011fraf makinas\u0131 ( Sanat y\u00f6netmeninden \u00f6nce makyaj\u0131n\u0131z\u0131n ekranda nas\u0131l g\u00f6r\u00fcnd\u00fc\u011f\u00fcne bakmak i\u00e7in )<\/p>\n\n\n\n<p>Ben Profesyonel Maky\u00f6z Nurg\u00fcl Koluk\u0131r\u0131k olarak makyaja yeni ba\u015flayan \narkada\u015flar i\u00e7in bu sayfay\u0131 haz\u0131rlad\u0131m ama Profesyonel Makyaj sadece bu \nanlatt\u0131klar\u0131mla s\u0131n\u0131rl\u0131 de\u011fil daha fazlas\u0131 var. Makyaj E\u011fitimlerim \ns\u0131ras\u0131nda haz\u0131rlad\u0131\u011f\u0131m <a href=\"https:\/\/web.archive.org\/web\/20150427034751\/http:\/\/www.makyaj.me\/makyaj\/makyaj-ders-notlari\" target=\"_blank\" rel=\"noreferrer noopener\">makyaj notlar\u0131<\/a>m\u0131 de inceleyebilirsiniz.<\/p>\n\n\n\n<p>\u00c7al\u0131\u015fmalar\u0131m\u0131n tamam\u0131 i\u00e7in <a href=\"https:\/\/web.archive.org\/web\/20150427034751\/http:\/\/www.makyaj.me\/\" target=\"_blank\" rel=\"noreferrer noopener\">web sitesi<\/a> ni inceleyebilirsiniz.<\/p>\n\n\n\n<p>Profesyonel Maky\u00f6z ve Makyaj E\u011fitmeni<br>\nNurg\u00fcl KOLUKIRIK<\/p>\n\n\n\n<div class=\"wp-block-image\"><figure class=\"aligncenter\"><a href=\"https:\/\/web.archive.org\/web\/20150427034751\/http:\/\/www.makyaj.me\/wp-content\/uploads\/2012\/11\/Professional-Makeup-Artist-Turkey.jpg\"><img decoding=\"async\" src=\"https:\/\/web.archive.org\/web\/20150427034751im_\/http:\/\/www.makyaj.me\/wp-content\/uploads\/2012\/11\/Professional-Makeup-Artist-Turkey-300x225.jpg\" alt=\"Professional Makeup Artist Turkey\" class=\"wp-image-2937\"\/><\/a><\/figure><\/div>\n\n\n\n<div class=\"wp-block-image\"><figure class=\"aligncenter\"><a href=\"https:\/\/web.archive.org\/web\/20150427034751\/http:\/\/www.makyaj.me\/wp-content\/uploads\/2012\/11\/Profesyonel-Maky\u00f6z-9.jpg\"><img decoding=\"async\" src=\"https:\/\/web.archive.org\/web\/20150427034751im_\/http:\/\/www.makyaj.me\/wp-content\/uploads\/2012\/11\/Profesyonel-Maky\u00f6z-9-300x225.jpg\" alt=\"Profesyonel Maky\u00f6z \" class=\"wp-image-2934\"\/><\/a><\/figure><\/div>\n\n\n\n<div class=\"wp-block-image\"><figure class=\"aligncenter\"><a href=\"https:\/\/web.archive.org\/web\/20150427034751\/http:\/\/www.makyaj.me\/wp-content\/uploads\/2012\/11\/Profesyonel-Maky\u00f6z-10.jpg\"><img decoding=\"async\" src=\"https:\/\/web.archive.org\/web\/20150427034751im_\/http:\/\/www.makyaj.me\/wp-content\/uploads\/2012\/11\/Profesyonel-Maky\u00f6z-10-300x225.jpg\" alt=\"Profesyonel Maky\u00f6zler\" class=\"wp-image-2935\"\/><\/a><\/figure><\/div>\n\n\n\n<div class=\"wp-block-image\"><figure class=\"aligncenter\"><a href=\"https:\/\/web.archive.org\/web\/20150427034751\/http:\/\/www.makyaj.me\/wp-content\/uploads\/2012\/11\/Profesyonel-Maky\u00f6z-1.jpg\"><img decoding=\"async\" src=\"https:\/\/web.archive.org\/web\/20150427034751im_\/http:\/\/www.makyaj.me\/wp-content\/uploads\/2012\/11\/Profesyonel-Maky\u00f6z-1-300x225.jpg\" alt=\"Profesyonel Maky\u00f6z \" class=\"wp-image-2936\"\/><\/a><\/figure><\/div>\n","protected":false},"excerpt":{"rendered":"<p>Profesyonel Maky\u00f6z \u0130stanbul Profesyonel Maky\u00f6z Profesyonel Maky\u00f6z Profesyonel makyaj konusunda uzman ki\u015fi demektir. Profesyonel Maky\u00f6z Gece Makyaj\u0131 Porselen Makyaj Gelin Makyaj\u0131 Sahne \/ Show Makyaj\u0131 Tv \/ Sinema Makyaj\u0131 Efekt Makyaj Plastik Makyaj Konular\u0131nda uzman ve makyaj \u00fczerine profesyonel \u015fekilde e\u011fitim ald\u0131m ve e\u011fitimlerini s\u00fcrekli prati\u011fi d\u00f6ken ki\u015filer olmal\u0131d\u0131r. K\u0131sa d\u00f6nem kurslar\u0131ndan sonra birka\u00e7 makyaj &hellip;<\/p>\n","protected":false},"author":1,"featured_media":0,"parent":0,"menu_order":0,"comment_status":"closed","ping_status":"closed","template":"","meta":{"footnotes":""},"tags":[],"class_list":["post-24","page","type-page","status-publish",""],"aioseo_notices":[],"_links":{"self":[{"href":"http:\/\/www.makyaj.me\/index.php\/wp-json\/wp\/v2\/pages\/24","targetHints":{"allow":["GET"]}}],"collection":[{"href":"http:\/\/www.makyaj.me\/index.php\/wp-json\/wp\/v2\/pages"}],"about":[{"href":"http:\/\/www.makyaj.me\/index.php\/wp-json\/wp\/v2\/types\/page"}],"author":[{"embeddable":true,"href":"http:\/\/www.makyaj.me\/index.php\/wp-json\/wp\/v2\/users\/1"}],"replies":[{"embeddable":true,"href":"http:\/\/www.makyaj.me\/index.php\/wp-json\/wp\/v2\/comments?post=24"}],"version-history":[{"count":1,"href":"http:\/\/www.makyaj.me\/index.php\/wp-json\/wp\/v2\/pages\/24\/revisions"}],"predecessor-version":[{"id":26,"href":"http:\/\/www.makyaj.me\/index.php\/wp-json\/wp\/v2\/pages\/24\/revisions\/26"}],"wp:attachment":[{"href":"http:\/\/www.makyaj.me\/index.php\/wp-json\/wp\/v2\/media?parent=24"}],"wp:term":[{"taxonomy":"post_tag","embeddable":true,"href":"http:\/\/www.makyaj.me\/index.php\/wp-json\/wp\/v2\/tags?post=24"}],"curies":[{"name":"wp","href":"https:\/\/api.w.org\/{rel}","templated":true}]}}