{"id":14,"date":"2019-07-13T09:56:56","date_gmt":"2019-07-13T06:56:56","guid":{"rendered":"http:\/\/www.makyaj.me\/?page_id=14"},"modified":"2019-07-13T09:56:57","modified_gmt":"2019-07-13T06:56:57","slug":"makyaj","status":"publish","type":"page","link":"http:\/\/www.makyaj.me\/index.php\/makyaj\/","title":{"rendered":"Makyaj"},"content":{"rendered":"\n<h4 class=\"wp-block-heading\">Makyaj Nas\u0131l Yap\u0131l\u0131r<\/h4>\n\n\n\n<p>Profesyonel Maky\u00f6z Ekibi taraf\u0131ndan kurulmu\u015f olan <a href=\"http:\/\/www.makyaj.me\/\">Makyaj.Me <\/a>sitesi . Makyaj ile ilgili merak etti\u011fini her \u015feyi sorup payla\u015fabilece\u011finiz bir <strong>Profesyonel Makyaj<\/strong> Sitesidir.<\/p>\n\n\n\n<p>Sitemizde \u00f6zel g\u00fcnleriniz D\u00fc\u011f\u00fcn Makyaj\u0131, Gelin Ba\u015f\u0131 ve Gelin Makyaj\u0131 \n,Ni\u015fan Makyaj\u0131, Mezuniyet Makyaj\u0131, Gece Makyaj\u0131 ve Hert\u00fcrl\u00fc Makyaj ve&nbsp; \nProfesyonel Kuaf\u00f6r Ekip ile \u00e7a\u015f\u0131lmaktad\u0131r. Ev \u00d6zel g\u00fcn\u00fcn\u00fczde sizde <strong>Gelin MAKYAJI<\/strong> ve <strong>Gelin BA\u015eI<\/strong>, Gelin Sa\u00e7\u0131 Modellerinizi Tesad\u00fcflere B\u0131rakmak istemiyorsan\u0131z. Profesyonel Ekibimizden \u00dccretsiz <strong>Gelin Makyaj\u0131<\/strong> ve <strong>Gelin Sa\u00e7\u0131<\/strong> Provas\u0131 i\u00e7in Randevu al\u0131n\u0131z. Y\u00fcz\u00fcn\u00fcze Teninize yak\u0131\u015fan <strong>Makyaj<\/strong> ve Sa\u00e7 modellerine sahip olun.<\/p>\n\n\n\n<p><strong>MAKYAJ.me<\/strong><\/p>\n\n\n\n<h3 class=\"wp-block-heading\"><strong>Makyaj Notlar\u0131<\/strong><\/h3>\n\n\n\n<p>Ayr\u0131k g\u00f6zlerde Makyaj<\/p>\n\n\n\n<p>Yumu\u015fak tonda kestane rengi bir far ile koyu renk bir di\u011fer far \nse\u00e7in. Kestane rengi far\u0131 burnunuz ile g\u00f6z\u00fcn\u00fcz aras\u0131ndaki b\u00f6lgeye \nuygulay\u0131n. Far\u0131n leke gibi durmas\u0131n\u0131 engellemek i\u00e7in rengi iyice \nda\u011f\u0131tarak g\u00f6lge havas\u0131 verin.<\/p>\n\n\n\n<p>Koyu renk far\u0131 g\u00f6z kapa\u011f\u0131n\u0131z\u0131n hareketli k\u0131sm\u0131na s\u00fcr\u00fcn. Ayn\u0131 farla, \ng\u00f6z\u00fcn d\u0131\u015f kenar\u0131n\u0131, d\u0131\u015far\u0131 ta\u015farak yuvarlay\u0131n. Koyu renk kalemle g\u00f6z \nkapa\u011f\u0131n\u0131z\u0131n \u00fcst\u00fcne ve g\u00f6z\u00fcn i\u00e7 k\u0131sm\u0131na \u00e7izgi \u00e7ekin. Sadece \u00fcst \nkirpiklerinize iki kat rimel s\u00fcr\u00fcn.<\/p>\n\n\n\n<p>K\u00fc\u00e7\u00fck g\u00f6zler<\/p>\n\n\n\n<p>Bir koyu, bir de a\u00e7\u0131k renk far se\u00e7in. \u00dcst g\u00f6z kapa\u011f\u0131n\u0131z\u0131n tamam\u0131na \na\u00e7\u0131k renk far\u0131 s\u00fcr\u00fcn. Koyu renk bir kalemle kirpik diplerine \u00e7izgi \n\u00e7ekerek g\u00f6z \u00e7evrenizi belirleyin. \u00c7izgiyi d\u0131\u015fa do\u011fru da\u011f\u0131t\u0131n. Koyu renk \nfar\u0131 g\u00f6z\u00fcn d\u0131\u015f\u0131na do\u011fru, g\u00f6z \u00e7ukurunun \u00fczerine s\u00fcr\u00fcn. D\u0131\u015fa do\u011fru hafif\u00e7e\n da\u011f\u0131t\u0131n. G\u00f6z\u00fcn i\u00e7 kenar\u0131na beyaz renk far s\u00fcr\u00fcn. A\u00e7\u0131k ve koyu farlar \naras\u0131ndaki renk fark\u0131n\u0131n s\u0131n\u0131r olu\u015fturmamas\u0131 i\u00e7in renkleri birbirine \niyice yedirin. Kirpiklerinizi k\u0131v\u0131r\u0131n ve iki kat rimel s\u00fcr\u00fcn.<\/p>\n\n\n\n<p>Yuvarlak g\u00f6zler<\/p>\n\n\n\n<p>Bir koyu, bir a\u00e7\u0131k tonda iki far rengi se\u00e7in. Renkler birbirleriyle uyumlu olmal\u0131.<\/p>\n\n\n\n<p>A\u00e7\u0131k renk far\u0131 g\u00f6z kapa\u011f\u0131n\u0131z\u0131n tamam\u0131na uygulay\u0131n. Koyu renk far\u0131 g\u00f6z kapa\u011f\u0131n\u0131z\u0131n sadece hareketli k\u0131sm\u0131na s\u00fcr\u00fcn.<\/p>\n\n\n\n<p>G\u00f6ze daha uzun bir form kazand\u0131rmak i\u00e7in renkleri uygularken g\u00f6z\u00fcn d\u0131\u015f\u0131na ve yukar\u0131ya do\u011fru \u00e7al\u0131\u015f\u0131n.<\/p>\n\n\n\n<p>G\u00f6z kapa\u011f\u0131n\u0131za, kirpiklerin hemen dibinden, boylu boyunca kalem \n\u00e7ekin. \u00c7izgiyi g\u00f6z kenar\u0131ndan d\u0131\u015far\u0131 do\u011fru ta\u015f\u0131r\u0131n. Kirpiklerinizi \nk\u0131v\u0131r\u0131n ve iki kat rimel s\u00fcr\u00fcn.<\/p>\n\n\n\n<p>D\u00fc\u015f\u00fck G\u00f6zlerde Makyaj<\/p>\n\n\n\n<p>Birbirini tamamlayan renklerde \u00fc\u00e7 far se\u00e7in. Renklerden biri a\u00e7\u0131k, \nbiri orta, biri ise koyu tonlarda olmal\u0131. Tek ambalajda sat\u0131lan \u00fc\u00e7l\u00fc g\u00f6z\n farlar\u0131 uygun bir se\u00e7enek olu\u015fturabilir. Koyu renk farla, alt \nkirpiklerinizin ortas\u0131ndan ba\u015flay\u0131p d\u0131\u015far\u0131 do\u011fru bir \u00e7izgi \u00e7ekin. \n\u00c7izginin ucunu g\u00f6z kenar\u0131n\u0131z\u0131n d\u0131\u015f\u0131nda hafif\u00e7e yukar\u0131 do\u011fru kald\u0131r\u0131n.<\/p>\n\n\n\n<p>Ayn\u0131 i\u015flemi \u00fcst kirpikleriniz boyunca da uygulay\u0131n ve iki \u00e7izgiyi \nbirle\u015ftirin. S\u00fcnger u\u00e7lu bir aplikat\u00f6r veya bir pamuklu \u00e7ubuk yard\u0131m\u0131yla\n \u00e7izgileri da\u011f\u0131tarak hafifle\u015ftirin. A\u00e7\u0131k renk far\u0131 \u00fcst g\u00f6z kapa\u011f\u0131n\u0131z\u0131n \ntamam\u0131na s\u00fcr\u00fcn.<\/p>\n\n\n\n<p>Orta koyuluktaki far\u0131 g\u00f6z \u00e7ukuruna muz formunda uygulay\u0131n. Yine orta \nkoyuluktaki farla g\u00f6z\u00fcn d\u0131\u015f kenar\u0131na g\u00f6lge yap\u0131n. Kirpiklerinizi k\u0131v\u0131r\u0131n\n ve iki kat rimel s\u00fcr\u00fcn.<\/p>\n","protected":false},"excerpt":{"rendered":"<p>Makyaj Nas\u0131l Yap\u0131l\u0131r Profesyonel Maky\u00f6z Ekibi taraf\u0131ndan kurulmu\u015f olan Makyaj.Me sitesi . Makyaj ile ilgili merak etti\u011fini her \u015feyi sorup payla\u015fabilece\u011finiz bir Profesyonel Makyaj Sitesidir. Sitemizde \u00f6zel g\u00fcnleriniz D\u00fc\u011f\u00fcn Makyaj\u0131, Gelin Ba\u015f\u0131 ve Gelin Makyaj\u0131 ,Ni\u015fan Makyaj\u0131, Mezuniyet Makyaj\u0131, Gece Makyaj\u0131 ve Hert\u00fcrl\u00fc Makyaj ve&nbsp; Profesyonel Kuaf\u00f6r Ekip ile \u00e7a\u015f\u0131lmaktad\u0131r. Ev \u00d6zel g\u00fcn\u00fcn\u00fczde sizde Gelin &hellip;<\/p>\n","protected":false},"author":1,"featured_media":0,"parent":0,"menu_order":0,"comment_status":"closed","ping_status":"closed","template":"","meta":{"footnotes":""},"tags":[],"class_list":["post-14","page","type-page","status-publish",""],"aioseo_notices":[],"_links":{"self":[{"href":"http:\/\/www.makyaj.me\/index.php\/wp-json\/wp\/v2\/pages\/14","targetHints":{"allow":["GET"]}}],"collection":[{"href":"http:\/\/www.makyaj.me\/index.php\/wp-json\/wp\/v2\/pages"}],"about":[{"href":"http:\/\/www.makyaj.me\/index.php\/wp-json\/wp\/v2\/types\/page"}],"author":[{"embeddable":true,"href":"http:\/\/www.makyaj.me\/index.php\/wp-json\/wp\/v2\/users\/1"}],"replies":[{"embeddable":true,"href":"http:\/\/www.makyaj.me\/index.php\/wp-json\/wp\/v2\/comments?post=14"}],"version-history":[{"count":1,"href":"http:\/\/www.makyaj.me\/index.php\/wp-json\/wp\/v2\/pages\/14\/revisions"}],"predecessor-version":[{"id":16,"href":"http:\/\/www.makyaj.me\/index.php\/wp-json\/wp\/v2\/pages\/14\/revisions\/16"}],"wp:attachment":[{"href":"http:\/\/www.makyaj.me\/index.php\/wp-json\/wp\/v2\/media?parent=14"}],"wp:term":[{"taxonomy":"post_tag","embeddable":true,"href":"http:\/\/www.makyaj.me\/index.php\/wp-json\/wp\/v2\/tags?post=14"}],"curies":[{"name":"wp","href":"https:\/\/api.w.org\/{rel}","templated":true}]}}