{"id":110,"date":"2019-07-13T11:06:24","date_gmt":"2019-07-13T08:06:24","guid":{"rendered":"http:\/\/www.makyaj.me\/?page_id=110"},"modified":"2019-07-13T11:06:25","modified_gmt":"2019-07-13T08:06:25","slug":"benefit-stay-dont-stray","status":"publish","type":"page","link":"http:\/\/www.makyaj.me\/index.php\/benefit-stay-dont-stray\/","title":{"rendered":"Benefit Stay Don\u2019t Stray"},"content":{"rendered":"\n<h3 class=\"wp-block-heading\">Benefit Stay Don\u2019t Stray<\/h3>\n\n\n\n<div class=\"wp-block-image\"><figure class=\"alignleft\"><a href=\"https:\/\/web.archive.org\/web\/20160404195057\/http:\/\/www.makyaj.me\/wp-content\/uploads\/2014\/02\/staydontstray.jpg\"><img decoding=\"async\" src=\"https:\/\/web.archive.org\/web\/20160404195057im_\/http:\/\/www.makyaj.me\/wp-content\/uploads\/2014\/02\/staydontstray-300x225.jpg\" alt=\"stay dont stray\" class=\"wp-image-4048\"\/><\/a><\/figure><\/div>\n\n\n\n<p>Stay Don\u2019t Stray : G\u00f6z kapaklar\u0131ndaki y\u0131\u011f\u0131lmalar\u0131 \u00f6nl\u00fcyor mu ? Ya\u011fl\u0131 g\u00f6z kapaklar\u0131 i\u00e7in de bu \u00fcr\u00fcn uygun mudur ?<br>\nEvet, g\u00f6z makyaj\u0131n\u0131 uzun s\u00fcre tutup kal\u0131c\u0131l\u0131\u011f\u0131n\u0131 artt\u0131r\u0131yor. Ayn\u0131 \nzamanda g\u00f6z \u00e7evresine 360 derece ince tabaka halinde uygulay\u0131p g\u00f6z \nalt\u0131na kapat\u0131c\u0131n\u0131z\u0131 veya ince bir pudra ge\u00e7erseniz muhte\u015fem oluyor. \nY\u0131\u011f\u0131lma gibi bir sorun asla bunda ya\u015famazs\u0131n\u0131z ve her cilt tipi \u00fcr\u00fcn\u00fc \nrahatl\u0131kla kullanabilir.<\/p>\n\n\n\n<p>Koyu ve a\u00e7\u0131k tenlere uygun olmak \u00fczere iki farkl\u0131 se\u00e7ene\u011fi mevcut.<\/p>\n","protected":false},"excerpt":{"rendered":"<p>Benefit Stay Don\u2019t Stray Stay Don\u2019t Stray : G\u00f6z kapaklar\u0131ndaki y\u0131\u011f\u0131lmalar\u0131 \u00f6nl\u00fcyor mu ? Ya\u011fl\u0131 g\u00f6z kapaklar\u0131 i\u00e7in de bu \u00fcr\u00fcn uygun mudur ? Evet, g\u00f6z makyaj\u0131n\u0131 uzun s\u00fcre tutup kal\u0131c\u0131l\u0131\u011f\u0131n\u0131 artt\u0131r\u0131yor. Ayn\u0131 zamanda g\u00f6z \u00e7evresine 360 derece ince tabaka halinde uygulay\u0131p g\u00f6z alt\u0131na kapat\u0131c\u0131n\u0131z\u0131 veya ince bir pudra ge\u00e7erseniz muhte\u015fem oluyor. Y\u0131\u011f\u0131lma gibi bir &hellip;<\/p>\n","protected":false},"author":1,"featured_media":0,"parent":0,"menu_order":0,"comment_status":"closed","ping_status":"closed","template":"","meta":{"footnotes":""},"tags":[],"class_list":["post-110","page","type-page","status-publish",""],"aioseo_notices":[],"_links":{"self":[{"href":"http:\/\/www.makyaj.me\/index.php\/wp-json\/wp\/v2\/pages\/110","targetHints":{"allow":["GET"]}}],"collection":[{"href":"http:\/\/www.makyaj.me\/index.php\/wp-json\/wp\/v2\/pages"}],"about":[{"href":"http:\/\/www.makyaj.me\/index.php\/wp-json\/wp\/v2\/types\/page"}],"author":[{"embeddable":true,"href":"http:\/\/www.makyaj.me\/index.php\/wp-json\/wp\/v2\/users\/1"}],"replies":[{"embeddable":true,"href":"http:\/\/www.makyaj.me\/index.php\/wp-json\/wp\/v2\/comments?post=110"}],"version-history":[{"count":1,"href":"http:\/\/www.makyaj.me\/index.php\/wp-json\/wp\/v2\/pages\/110\/revisions"}],"predecessor-version":[{"id":112,"href":"http:\/\/www.makyaj.me\/index.php\/wp-json\/wp\/v2\/pages\/110\/revisions\/112"}],"wp:attachment":[{"href":"http:\/\/www.makyaj.me\/index.php\/wp-json\/wp\/v2\/media?parent=110"}],"wp:term":[{"taxonomy":"post_tag","embeddable":true,"href":"http:\/\/www.makyaj.me\/index.php\/wp-json\/wp\/v2\/tags?post=110"}],"curies":[{"name":"wp","href":"https:\/\/api.w.org\/{rel}","templated":true}]}}