{"id":107,"date":"2019-07-13T11:06:09","date_gmt":"2019-07-13T08:06:09","guid":{"rendered":"http:\/\/www.makyaj.me\/?page_id=107"},"modified":"2019-07-13T11:06:10","modified_gmt":"2019-07-13T08:06:10","slug":"ooh-la-lift","status":"publish","type":"page","link":"http:\/\/www.makyaj.me\/index.php\/ooh-la-lift\/","title":{"rendered":"Ooh La Lift"},"content":{"rendered":"\n<h3 class=\"wp-block-heading\">Benefit Ooh La Lift<\/h3>\n\n\n\n<div class=\"wp-block-image\"><figure class=\"alignleft\"><a href=\"https:\/\/web.archive.org\/web\/20160401181808\/http:\/\/www.makyaj.me\/wp-content\/uploads\/2014\/02\/ooh-la-lift.jpg\"><img decoding=\"async\" src=\"https:\/\/web.archive.org\/web\/20160401181808im_\/http:\/\/www.makyaj.me\/wp-content\/uploads\/2014\/02\/ooh-la-lift-201x300.jpg\" alt=\"ooh la lift\" class=\"wp-image-4041\"\/><\/a><\/figure><\/div>\n\n\n\n<p>Ooh La Lift : Nedir, Ne De\u011fildir ?<\/p>\n\n\n\n<p>Bu \u00fcr\u00fcn\u00fcn i\u00e7eri\u011finde b\u00f6\u011f\u00fcrtlen \u00f6zleri var. Kullanmadan \u00f6nce 5 dakika \nbuzdolab\u0131nda bekletip uygularsan\u0131z, rahatlama hissini de ya\u015fam\u0131\u015f \nolursunuz. G\u00f6z \u00e7evresini daha dinlenmi\u015f, sa\u011fl\u0131kl\u0131 g\u00f6steriyo . Ayr\u0131ca 8 \nsaate kadarda bu g\u00f6r\u00fcn\u00fcm\u00fc koruyor. G\u00f6zaltlar\u0131ndaki morluklar\u0131n \ng\u00f6r\u00fcn\u00fcm\u00fcn\u00fc azalt\u0131yor ve kapat\u0131c\u0131 kullanmaktan ho\u015flanmayanlar\u0131n imdad\u0131na \nyeti\u015fiyor. Evet sizde kapat\u0131c\u0131 yo\u011funlu\u011funu g\u00f6z \u00e7evrenizde istemiyorsan\u0131z\n bu makyaj malzemesi tam sizin i\u00e7in.<\/p>\n\n\n\n<p>Benefit \u00fcr\u00fcnleri Dior Laboratuvarlar\u0131nda \u00fcretiliyor bir kez daha hat\u0131rlatmamda yarar var diye d\u00fc\u015f\u00fcn\u00fcyorum.<\/p>\n\n\n\n<p>Herkese Sevgiler.<\/p>\n\n\n\n<p>Mky\u00f6z Nurg\u00fcl Koluk\u0131r\u0131k<\/p>\n","protected":false},"excerpt":{"rendered":"<p>Benefit Ooh La Lift Ooh La Lift : Nedir, Ne De\u011fildir ? Bu \u00fcr\u00fcn\u00fcn i\u00e7eri\u011finde b\u00f6\u011f\u00fcrtlen \u00f6zleri var. Kullanmadan \u00f6nce 5 dakika buzdolab\u0131nda bekletip uygularsan\u0131z, rahatlama hissini de ya\u015fam\u0131\u015f olursunuz. G\u00f6z \u00e7evresini daha dinlenmi\u015f, sa\u011fl\u0131kl\u0131 g\u00f6steriyo . Ayr\u0131ca 8 saate kadarda bu g\u00f6r\u00fcn\u00fcm\u00fc koruyor. G\u00f6zaltlar\u0131ndaki morluklar\u0131n g\u00f6r\u00fcn\u00fcm\u00fcn\u00fc azalt\u0131yor ve kapat\u0131c\u0131 kullanmaktan ho\u015flanmayanlar\u0131n imdad\u0131na yeti\u015fiyor. Evet &hellip;<\/p>\n","protected":false},"author":1,"featured_media":0,"parent":0,"menu_order":0,"comment_status":"closed","ping_status":"closed","template":"","meta":{"footnotes":""},"tags":[],"class_list":["post-107","page","type-page","status-publish",""],"aioseo_notices":[],"_links":{"self":[{"href":"http:\/\/www.makyaj.me\/index.php\/wp-json\/wp\/v2\/pages\/107","targetHints":{"allow":["GET"]}}],"collection":[{"href":"http:\/\/www.makyaj.me\/index.php\/wp-json\/wp\/v2\/pages"}],"about":[{"href":"http:\/\/www.makyaj.me\/index.php\/wp-json\/wp\/v2\/types\/page"}],"author":[{"embeddable":true,"href":"http:\/\/www.makyaj.me\/index.php\/wp-json\/wp\/v2\/users\/1"}],"replies":[{"embeddable":true,"href":"http:\/\/www.makyaj.me\/index.php\/wp-json\/wp\/v2\/comments?post=107"}],"version-history":[{"count":1,"href":"http:\/\/www.makyaj.me\/index.php\/wp-json\/wp\/v2\/pages\/107\/revisions"}],"predecessor-version":[{"id":109,"href":"http:\/\/www.makyaj.me\/index.php\/wp-json\/wp\/v2\/pages\/107\/revisions\/109"}],"wp:attachment":[{"href":"http:\/\/www.makyaj.me\/index.php\/wp-json\/wp\/v2\/media?parent=107"}],"wp:term":[{"taxonomy":"post_tag","embeddable":true,"href":"http:\/\/www.makyaj.me\/index.php\/wp-json\/wp\/v2\/tags?post=107"}],"curies":[{"name":"wp","href":"https:\/\/api.w.org\/{rel}","templated":true}]}}